{"id":626,"date":"2026-01-24T14:37:01","date_gmt":"2026-01-24T13:37:01","guid":{"rendered":"https:\/\/tonstudio-cuxhaven.de\/?page_id=626"},"modified":"2026-02-01T19:00:53","modified_gmt":"2026-02-01T18:00:53","slug":"agb","status":"publish","type":"page","link":"https:\/\/johannes-esselborn.de\/en\/agb\/","title":{"rendered":"Terms and Conditions"},"content":{"rendered":"<h2 class=\"wp-block-heading\">Terms and Conditions (T&amp;C) - English version for convenience only<\/h2>\n\n\n\n<div class=\"wp-block-buttons is-layout-flex wp-block-buttons-is-layout-flex\">\n<div class=\"wp-block-button\"><a class=\"wp-block-button__link wp-element-button\" href=\"https:\/\/johannes-esselborn.de\/en\/widerrufsrecht\/\">All information regarding the right of withdrawal can be found here.<\/a><\/div>\n<\/div>\n\n\n\n<p class=\"has-contrast-color has-text-color has-link-color wp-elements-911a9363f5d7d2dbb9bf309d1c15bcfb\">The following General Terms and Conditions apply to the online shop operated under the URL<br><a href=\"https:\/\/johannes-esselborn.de\/en\/\">https:\/\/www.johannes-esselborn.de<\/a><br>by<\/p>\n\n\n\n<p class=\"has-contrast-color has-text-color has-link-color wp-elements-bea75e29b5bedf2db19ce4df3610f2d1\"><br>Johannes Esselborn<br>An der Ehwende 1<br>21745 Hemmoor - Germany<\/p>\n\n\n\n<p class=\"has-contrast-color has-text-color has-link-color wp-elements-d8438c94e1de94ab0d04cbd7229a8666\">Small business according to Section 19 of the German VAT Act (UStG)<br><\/p>\n\n\n\n<p class=\"has-contrast-color has-text-color has-link-color wp-elements-626ec0128991b15c993eed606f11c9f9\">E-Mail: <a href=\"mailto:shop@johannes-esselborn.de\">kontakt@johannes-esselborn.de<\/a><br><\/p>\n\n\n\n<p class=\"has-contrast-color has-text-color has-link-color wp-elements-b11b59b536209b38084bb2fc1d4a65a7\"> \u2013 hereinafter referred to as the PROVIDER \u2013<\/p>\n\n\n\n<h2 class=\"wp-block-heading\" style=\"font-size:clamp(21.536px, 1.346rem + ((1vw - 3.2px) * 1.402), 35px);\"><strong>1. Scope of Application<\/strong><\/h2>\n\n\n\n<p>These General Terms and Conditions (T&amp;C) apply, after their inclusion, to all contracts concluded for the purchase of goods, services, or other items (hereinafter referred to as \u201cGoods\u201d) via the online shop under the above-mentioned URL, in the version valid at the time the contract is concluded. These T&amp;C apply exclusively. Deviating terms and conditions of the customer shall not become part of the contract unless the Provider expressly agrees to their validity.<\/p>\n\n\n\n<h2 class=\"wp-block-heading\" style=\"font-size:clamp(21.536px, 1.346rem + ((1vw - 3.2px) * 1.402), 35px);\"><strong>2. Conclusion of Contract<\/strong><\/h2>\n\n\n\n<p>2.1 The offers presented in the online shop constitute a non-binding invitation by the Provider to visitors of the online shop to submit an offer to purchase the goods offered in the shop.<br>2.2 The ordering of goods is carried out via the Provider\u2019s online order form. After selecting the desired goods, entering all required mandatory information, and completing all other mandatory steps in the ordering process, the selected goods can be ordered by clicking the order button at the end of the checkout page (order). By placing the order, the customer submits a binding contractual offer to purchase the selected goods.\nThe contract is concluded when the Provider accepts the customer\u2019s offer. Acceptance takes place by confirming the conclusion of the contract in written or text form (e.g. by email) (order confirmation) and this confirmation is received by the customer, or by delivering the ordered goods to the customer, or by requesting payment from the customer (e.g. invoice or credit card payment during the ordering process) and this request for payment is received by the customer. The decisive point in time for the conclusion of the contract is the moment when one of the aforementioned alternatives first occurs.<br>2.3 Before submitting a binding order via the Provider\u2019s online order form, the customer may review and correct their entries at any time using the usual keyboard, mouse, touch, or other available input functions. In addition, all entries are displayed again in a confirmation window before the binding submission of the order and can also be corrected there using the usual input functions.<br>2.4 The Provider will store the contract text after the conclusion of the contract and will transmit it to the customer in text form (e.g. by email). Any further accessibility of the contract text by the Provider does not take place. If the purchase was made via a customer account in the online shop, the customer can view their orders and the associated order data there.<br>2.5 The following languages are available for the conclusion of the contract: German.<\/p>\n\n\n\n<h2 class=\"wp-block-heading\" style=\"font-size:clamp(21.536px, 1.346rem + ((1vw - 3.2px) * 1.402), 35px);\"><strong>3. Right of Withdrawal for Consumers<\/strong><\/h2>\n\n\n\n<p>Consumers generally have a right of withdrawal for contracts concluded outside of business premises and for distance contracts. A consumer is any natural person who enters into a legal transaction for purposes that predominantly cannot be attributed to their commercial or self-employed professional activity. Details can be found in the withdrawal information, which is made available to each consumer at the latest immediately before the conclusion of the contract.<\/p>\n\n\n\n<h2 class=\"wp-block-heading\" style=\"font-size:clamp(21.536px, 1.346rem + ((1vw - 3.2px) * 1.402), 35px);\"><strong>4. Payment, Default<\/strong><\/h2>\n\n\n\n<p>4.1 The prices listed in the online shop at the time of the order apply. All prices are final prices plus any shipping costs that may be listed. <strong>In accordance with Section 19 of the German VAT Act (UStG), no value-added tax is charged.<\/strong> The customer will be informed about the available payment methods in the Provider\u2019s online shop.<br>4.2 If payment in advance (\u201cprepayment\u201d) has been agreed, the purchase price is due immediately after the conclusion of the contract.<br>4.3 If payment via \u201cPayPal\u201d has been agreed, the purchase price is due immediately after the conclusion of the contract. Payment processing is carried out via the payment service provider PayPal (Europe) S.\u00e0 r.l. et Cie, S.C.A., 22\u201324 Boulevard Royal, L-2449 Luxembourg.<\/p>\n\n\n\n<h2 class=\"wp-block-heading\" style=\"font-size:clamp(21.536px, 1.346rem + ((1vw - 3.2px) * 1.402), 35px);\"><strong>5. Retention of Title<\/strong><\/h2>\n\n\n\n<p>The purchased goods remain the property of the Provider until full payment of the purchase price has been made.<\/p>\n\n\n\n<h2 class=\"wp-block-heading\" style=\"font-size:clamp(21.536px, 1.346rem + ((1vw - 3.2px) * 1.402), 35px);\"><strong>6. Delivery and Reservation of Self-Supply<\/strong><\/h2>\n\n\n\n<p>6.1 Subject to deviating agreements, delivery shall be made within the delivery period stated in the online shop to the delivery address specified by the customer. The applicable delivery times can be found in the online shop.<br>6.2 Collection of the purchased goods by the customer is excluded.<br>6.3 If the Provider is unable to deliver the ordered goods because it was not supplied by its own supplier through no fault of its own, despite having concluded a congruent hedging transaction with a reliable supplier in due time, the Provider shall be released from its obligation to perform and may withdraw from the contract. The Provider is obliged to inform the customer immediately of the impossibility of performance. Any consideration already provided by the contracting party will be refunded immediately. Mandatory consumer rights remain unaffected by this provision.<\/p>\n\n\n\n<h2 class=\"wp-block-heading\" style=\"font-size:clamp(21.536px, 1.346rem + ((1vw - 3.2px) * 1.402), 35px);\"><strong>7. Warranty<\/strong><\/h2>\n\n\n\n<p>The statutory provisions on liability for defects apply.<\/p>\n\n\n\n<h2 class=\"wp-block-heading\" style=\"font-size:clamp(21.536px, 1.346rem + ((1vw - 3.2px) * 1.402), 35px);\"><strong>8. Liability and Indemnification<\/strong><\/h2>\n\n\n\n<p>8.1 The Provider shall be liable without limitation:<\/p>\n\n\n\n<ul class=\"wp-block-list\">\n<li>for damages resulting from injury to life, body, or health caused by a wilful or negligent breach of duty by the Provider or by a wilful or negligent breach of duty by a legal representative or vicarious agent of the Provider;<\/li>\n\n\n\n<li>for damages resulting from a wilful or grossly negligent breach of duty by the Provider or by a wilful or grossly negligent breach of duty by a legal representative or vicarious agent of the Provider;<\/li>\n\n\n\n<li>on the basis of a guarantee, insofar as no other provision has been made in this respect;<\/li>\n\n\n\n<li>due to mandatory liability (e.g. under the Product Liability Act).<\/li>\n<\/ul>\n\n\n\n<p>8.2 If the Provider negligently breaches a material contractual obligation, its liability shall be limited to the foreseeable damage typical for the contract, unless unlimited liability applies pursuant to the preceding paragraph. Material contractual obligations are obligations which the contract imposes on the Provider according to its content in order to achieve the purpose of the contract, the fulfilment of which is essential for the proper execution of the contract and on whose compliance the customer may regularly rely.<br>8.3 In all other respects, the liability of the Provider as well as the liability of its vicarious agents and legal representatives is excluded.<br>8.4 The customer shall indemnify the Provider against all claims by third parties \u2013 including the costs of legal defence in the statutory amount \u2013 that are asserted against the Provider due to unlawful or contractual breaches by the customer.<\/p>\n\n\n\n<h2 class=\"wp-block-heading\" style=\"font-size:clamp(21.536px, 1.346rem + ((1vw - 3.2px) * 1.402), 35px);\"><strong>9. Data Protection<\/strong><\/h2>\n\n\n\n<p>The Provider treats the personal data of its customers confidentially and in accordance with the statutory data protection regulations. Further details can be found in the Provider\u2019s privacy policy.<\/p>\n\n\n\n<h2 class=\"wp-block-heading\" style=\"font-size:clamp(21.536px, 1.346rem + ((1vw - 3.2px) * 1.402), 35px);\"><strong>10. Final Provisions<\/strong><\/h2>\n\n\n\n<p>10.1 The law of the Federal Republic of Germany shall apply, excluding the UN Convention on Contracts for the International Sale of Goods (CISG), provided that this choice of law does not result in a consumer with habitual residence in the EU being deprived of mandatory statutory provisions of the law of their country of residence.<br>10.2 If the customer is a merchant, a legal entity under public law, or a special fund under public law, the place of jurisdiction shall be the registered office of the Provider, unless an exclusive place of jurisdiction has been established for the dispute. This also applies if the customer does not have a place of residence within the European Union. The registered office of our company can be found in the heading of these T&amp;C.<br>10.3 Should any provision of this contract be or become invalid or unenforceable, the remaining provisions of this contract shall remain unaffected.<\/p>\n\n\n\n<h2 class=\"wp-block-heading\" style=\"font-size:clamp(21.536px, 1.346rem + ((1vw - 3.2px) * 1.402), 35px);\"><strong>11. Information on Online Dispute Resolution \/ Consumer Arbitration<\/strong><\/h2>\n\n\n\n<p>The Provider is neither willing nor obliged to participate in dispute resolution proceedings before a consumer arbitration board.<br>Our email address can be found in the heading of these Terms and Conditions.<\/p>","protected":false},"excerpt":{"rendered":"<p>AGB &#8211; Allgemeine Gesch\u00e4ftsbedingungen Die Allgemeinen Gesch\u00e4ftsbedingungen f\u00fcr den Online-Shop unter der URLhttps:\/\/www.johannes-esselborn.debetrieben von Johannes EsselbornAn der Ehwende 121745 Hemmoor Kleinunternehmen gem\u00e4\u00df \u00a7 19 UStG E-Mail: kontakt@johannes-esselborn.de &#8211; im Folgenden: ANBIETER &#8211; 1. Geltungsbereich Diese Allgemeinen Gesch\u00e4ftsbedingungen (AGB) gelten nach ihrer Einbeziehung f\u00fcr alle Vertragsschl\u00fcsse \u00fcber den Erwerb von Waren, Dienstleistungen oder sonstigen G\u00fctern (nachfolgend [&hellip;]<\/p>\n","protected":false},"author":1,"featured_media":0,"parent":0,"menu_order":0,"comment_status":"closed","ping_status":"closed","template":"leer-seite-shop","meta":{"footnotes":""},"class_list":["post-626","page","type-page","status-publish","hentry"],"yoast_head":"<!-- This site is optimized with the Yoast SEO plugin v27.4 - https:\/\/yoast.com\/product\/yoast-seo-wordpress\/ -->\n<title>AGB - Johannes Esselborn<\/title>\n<meta name=\"robots\" content=\"noindex, follow\" \/>\n<meta property=\"og:locale\" content=\"en_US\" \/>\n<meta property=\"og:type\" content=\"article\" \/>\n<meta property=\"og:title\" content=\"AGB - Johannes Esselborn\" \/>\n<meta property=\"og:description\" content=\"AGB &#8211; Allgemeine Gesch\u00e4ftsbedingungen Die Allgemeinen Gesch\u00e4ftsbedingungen f\u00fcr den Online-Shop unter der URLhttps:\/\/www.johannes-esselborn.debetrieben von Johannes EsselbornAn der Ehwende 121745 Hemmoor Kleinunternehmen gem\u00e4\u00df \u00a7 19 UStG E-Mail: kontakt@johannes-esselborn.de &#8211; im Folgenden: ANBIETER &#8211; 1. Geltungsbereich Diese Allgemeinen Gesch\u00e4ftsbedingungen (AGB) gelten nach ihrer Einbeziehung f\u00fcr alle Vertragsschl\u00fcsse \u00fcber den Erwerb von Waren, Dienstleistungen oder sonstigen G\u00fctern (nachfolgend [&hellip;]\" \/>\n<meta property=\"og:url\" content=\"https:\/\/johannes-esselborn.de\/en\/agb\/\" \/>\n<meta property=\"og:site_name\" content=\"Johannes Esselborn\" \/>\n<meta property=\"article:modified_time\" content=\"2026-02-01T18:00:53+00:00\" \/>\n<meta name=\"twitter:card\" content=\"summary_large_image\" \/>\n<meta name=\"twitter:label1\" content=\"Est. reading time\" \/>\n\t<meta name=\"twitter:data1\" content=\"6 minutes\" \/>\n<script type=\"application\/ld+json\" class=\"yoast-schema-graph\">{\"@context\":\"https:\\\/\\\/schema.org\",\"@graph\":[{\"@type\":\"WebPage\",\"@id\":\"https:\\\/\\\/johannes-esselborn.de\\\/agb\\\/\",\"url\":\"https:\\\/\\\/johannes-esselborn.de\\\/agb\\\/\",\"name\":\"AGB - Johannes Esselborn\",\"isPartOf\":{\"@id\":\"https:\\\/\\\/johannes-esselborn.de\\\/#website\"},\"datePublished\":\"2026-01-24T13:37:01+00:00\",\"dateModified\":\"2026-02-01T18:00:53+00:00\",\"breadcrumb\":{\"@id\":\"https:\\\/\\\/johannes-esselborn.de\\\/agb\\\/#breadcrumb\"},\"inLanguage\":\"en-US\",\"potentialAction\":[{\"@type\":\"ReadAction\",\"target\":[\"https:\\\/\\\/johannes-esselborn.de\\\/agb\\\/\"]}]},{\"@type\":\"BreadcrumbList\",\"@id\":\"https:\\\/\\\/johannes-esselborn.de\\\/agb\\\/#breadcrumb\",\"itemListElement\":[{\"@type\":\"ListItem\",\"position\":1,\"name\":\"Start\",\"item\":\"https:\\\/\\\/johannes-esselborn.de\\\/\"},{\"@type\":\"ListItem\",\"position\":2,\"name\":\"AGB\"}]},{\"@type\":\"WebSite\",\"@id\":\"https:\\\/\\\/johannes-esselborn.de\\\/#website\",\"url\":\"https:\\\/\\\/johannes-esselborn.de\\\/\",\"name\":\"Johannes Esselborn\",\"description\":\"\",\"publisher\":{\"@id\":\"https:\\\/\\\/johannes-esselborn.de\\\/#\\\/schema\\\/person\\\/645f3814a10c656eac29bd8f3176d463\"},\"potentialAction\":[{\"@type\":\"SearchAction\",\"target\":{\"@type\":\"EntryPoint\",\"urlTemplate\":\"https:\\\/\\\/johannes-esselborn.de\\\/?s={search_term_string}\"},\"query-input\":{\"@type\":\"PropertyValueSpecification\",\"valueRequired\":true,\"valueName\":\"search_term_string\"}}],\"inLanguage\":\"en-US\"},{\"@type\":[\"Person\",\"Organization\"],\"@id\":\"https:\\\/\\\/johannes-esselborn.de\\\/#\\\/schema\\\/person\\\/645f3814a10c656eac29bd8f3176d463\",\"name\":\"Johannes\",\"image\":{\"@type\":\"ImageObject\",\"inLanguage\":\"en-US\",\"@id\":\"http:\\\/\\\/johannes-esselborn.de\\\/wp-content\\\/uploads\\\/2026\\\/01\\\/Logo-2026-Johannes-Esselborn-sw-weiss-Gross-PNG.png\",\"url\":\"http:\\\/\\\/johannes-esselborn.de\\\/wp-content\\\/uploads\\\/2026\\\/01\\\/Logo-2026-Johannes-Esselborn-sw-weiss-Gross-PNG.png\",\"contentUrl\":\"http:\\\/\\\/johannes-esselborn.de\\\/wp-content\\\/uploads\\\/2026\\\/01\\\/Logo-2026-Johannes-Esselborn-sw-weiss-Gross-PNG.png\",\"width\":2000,\"height\":2000,\"caption\":\"Johannes\"},\"logo\":{\"@id\":\"http:\\\/\\\/johannes-esselborn.de\\\/wp-content\\\/uploads\\\/2026\\\/01\\\/Logo-2026-Johannes-Esselborn-sw-weiss-Gross-PNG.png\"},\"sameAs\":[\"http:\\\/\\\/tonstudio-cuxhaven.de\"]}]}<\/script>\n<!-- \/ Yoast SEO plugin. -->","yoast_head_json":{"title":"AGB - Johannes Esselborn","robots":{"index":"noindex","follow":"follow"},"og_locale":"en_US","og_type":"article","og_title":"AGB - Johannes Esselborn","og_description":"AGB &#8211; Allgemeine Gesch\u00e4ftsbedingungen Die Allgemeinen Gesch\u00e4ftsbedingungen f\u00fcr den Online-Shop unter der URLhttps:\/\/www.johannes-esselborn.debetrieben von Johannes EsselbornAn der Ehwende 121745 Hemmoor Kleinunternehmen gem\u00e4\u00df \u00a7 19 UStG E-Mail: kontakt@johannes-esselborn.de &#8211; im Folgenden: ANBIETER &#8211; 1. Geltungsbereich Diese Allgemeinen Gesch\u00e4ftsbedingungen (AGB) gelten nach ihrer Einbeziehung f\u00fcr alle Vertragsschl\u00fcsse \u00fcber den Erwerb von Waren, Dienstleistungen oder sonstigen G\u00fctern (nachfolgend [&hellip;]","og_url":"https:\/\/johannes-esselborn.de\/en\/agb\/","og_site_name":"Johannes Esselborn","article_modified_time":"2026-02-01T18:00:53+00:00","twitter_card":"summary_large_image","twitter_misc":{"Est. reading time":"6 minutes"},"schema":{"@context":"https:\/\/schema.org","@graph":[{"@type":"WebPage","@id":"https:\/\/johannes-esselborn.de\/agb\/","url":"https:\/\/johannes-esselborn.de\/agb\/","name":"AGB - Johannes Esselborn","isPartOf":{"@id":"https:\/\/johannes-esselborn.de\/#website"},"datePublished":"2026-01-24T13:37:01+00:00","dateModified":"2026-02-01T18:00:53+00:00","breadcrumb":{"@id":"https:\/\/johannes-esselborn.de\/agb\/#breadcrumb"},"inLanguage":"en-US","potentialAction":[{"@type":"ReadAction","target":["https:\/\/johannes-esselborn.de\/agb\/"]}]},{"@type":"BreadcrumbList","@id":"https:\/\/johannes-esselborn.de\/agb\/#breadcrumb","itemListElement":[{"@type":"ListItem","position":1,"name":"Start","item":"https:\/\/johannes-esselborn.de\/"},{"@type":"ListItem","position":2,"name":"AGB"}]},{"@type":"WebSite","@id":"https:\/\/johannes-esselborn.de\/#website","url":"https:\/\/johannes-esselborn.de\/","name":"Johannes Esselborn","description":"","publisher":{"@id":"https:\/\/johannes-esselborn.de\/#\/schema\/person\/645f3814a10c656eac29bd8f3176d463"},"potentialAction":[{"@type":"SearchAction","target":{"@type":"EntryPoint","urlTemplate":"https:\/\/johannes-esselborn.de\/?s={search_term_string}"},"query-input":{"@type":"PropertyValueSpecification","valueRequired":true,"valueName":"search_term_string"}}],"inLanguage":"en-US"},{"@type":["Person","Organization"],"@id":"https:\/\/johannes-esselborn.de\/#\/schema\/person\/645f3814a10c656eac29bd8f3176d463","name":"Johannes","image":{"@type":"ImageObject","inLanguage":"en-US","@id":"http:\/\/johannes-esselborn.de\/wp-content\/uploads\/2026\/01\/Logo-2026-Johannes-Esselborn-sw-weiss-Gross-PNG.png","url":"http:\/\/johannes-esselborn.de\/wp-content\/uploads\/2026\/01\/Logo-2026-Johannes-Esselborn-sw-weiss-Gross-PNG.png","contentUrl":"http:\/\/johannes-esselborn.de\/wp-content\/uploads\/2026\/01\/Logo-2026-Johannes-Esselborn-sw-weiss-Gross-PNG.png","width":2000,"height":2000,"caption":"Johannes"},"logo":{"@id":"http:\/\/johannes-esselborn.de\/wp-content\/uploads\/2026\/01\/Logo-2026-Johannes-Esselborn-sw-weiss-Gross-PNG.png"},"sameAs":["http:\/\/tonstudio-cuxhaven.de"]}]}},"_links":{"self":[{"href":"https:\/\/johannes-esselborn.de\/en\/wp-json\/wp\/v2\/pages\/626","targetHints":{"allow":["GET"]}}],"collection":[{"href":"https:\/\/johannes-esselborn.de\/en\/wp-json\/wp\/v2\/pages"}],"about":[{"href":"https:\/\/johannes-esselborn.de\/en\/wp-json\/wp\/v2\/types\/page"}],"author":[{"embeddable":true,"href":"https:\/\/johannes-esselborn.de\/en\/wp-json\/wp\/v2\/users\/1"}],"replies":[{"embeddable":true,"href":"https:\/\/johannes-esselborn.de\/en\/wp-json\/wp\/v2\/comments?post=626"}],"version-history":[{"count":5,"href":"https:\/\/johannes-esselborn.de\/en\/wp-json\/wp\/v2\/pages\/626\/revisions"}],"predecessor-version":[{"id":708,"href":"https:\/\/johannes-esselborn.de\/en\/wp-json\/wp\/v2\/pages\/626\/revisions\/708"}],"wp:attachment":[{"href":"https:\/\/johannes-esselborn.de\/en\/wp-json\/wp\/v2\/media?parent=626"}],"curies":[{"name":"wp","href":"https:\/\/api.w.org\/{rel}","templated":true}]}}