{"id":15,"date":"2026-01-24T14:38:04","date_gmt":"2026-01-24T13:38:04","guid":{"rendered":"https:\/\/tonstudio-cuxhaven.de\/?page_id=15"},"modified":"2026-01-31T16:43:32","modified_gmt":"2026-01-31T15:43:32","slug":"studio-about","status":"publish","type":"page","link":"https:\/\/johannes-esselborn.de\/en\/studio-about\/","title":{"rendered":"Studio &#8211; About"},"content":{"rendered":"<div class=\"wp-block-columns alignfull are-vertically-aligned-center is-layout-flex wp-container-core-columns-is-layout-28f84493 wp-block-columns-is-layout-flex\">\n<div class=\"wp-block-column is-vertically-aligned-center is-layout-flow wp-block-column-is-layout-flow\">\n<h2 class=\"wp-block-heading\">Studio Esselborn<\/h2>\n\n\n\n<p style=\"font-size:clamp(14px, 0.875rem + ((1vw - 3.2px) * 0.625), 20px);\">Hey, I\u2019m Johannes Esselborn. I\u2019ve been producing music for many years and supporting artists from a wide range of genres on their journey toward the perfect sound.<br><br>My roots are in the live music world\u2014somewhere between hard rock stages and gospel choirs\u2014but today my heart belongs mainly to acoustically driven music: singer-songwriter, Americana, folk, country, new acoustic, and acoustic pop\/rock.<\/p>\n\n\n\n<p style=\"font-size:clamp(14px, 0.875rem + ((1vw - 3.2px) * 0.625), 20px);\">Alongside my work as a producer, I\u2019m also active as a solo artist and regularly perform on stage with various bands and projects. This combination of live experience, studio work, and personal songwriting shapes my perspective on music and the way I work with the people who create it.<br><\/p>\n\n\n\n<p style=\"font-size:clamp(14px, 0.875rem + ((1vw - 3.2px) * 0.625), 20px);\">Let\u2019s create something special from your music\u2014together.<\/p>\n\n\n\n<div class=\"wp-block-buttons is-content-justification-center is-layout-flex wp-container-core-buttons-is-layout-d97bd03c wp-block-buttons-is-layout-flex\">\n<div class=\"wp-block-button\"><a class=\"wp-block-button__link wp-element-button\" href=\"https:\/\/johannes-esselborn.de\/en\/studio-angebot\/\">How we can work together<\/a><\/div>\n\n\n\n<div class=\"wp-block-button\"><a class=\"wp-block-button__link wp-element-button\" href=\"https:\/\/johannes-esselborn.de\/en\/studio-kontakt\/\">Get in touch<\/a><\/div>\n<\/div>\n<\/div>\n\n\n\n<div class=\"wp-block-column is-vertically-aligned-center is-layout-flow wp-block-column-is-layout-flow\">\n<figure class=\"wp-block-image size-full\"><img loading=\"lazy\" decoding=\"async\" width=\"1710\" height=\"2560\" src=\"https:\/\/tonstudio-cuxhaven.de\/wp-content\/uploads\/2025\/12\/Mixing-2-scaled.jpg\" alt=\"\" class=\"wp-image-179\" srcset=\"https:\/\/johannes-esselborn.de\/wp-content\/uploads\/2025\/12\/Mixing-2-scaled.jpg 1710w, https:\/\/johannes-esselborn.de\/wp-content\/uploads\/2025\/12\/Mixing-2-scaled-600x898.jpg 600w, https:\/\/johannes-esselborn.de\/wp-content\/uploads\/2025\/12\/Mixing-2-200x300.jpg 200w, https:\/\/johannes-esselborn.de\/wp-content\/uploads\/2025\/12\/Mixing-2-684x1024.jpg 684w, https:\/\/johannes-esselborn.de\/wp-content\/uploads\/2025\/12\/Mixing-2-768x1150.jpg 768w, https:\/\/johannes-esselborn.de\/wp-content\/uploads\/2025\/12\/Mixing-2-1026x1536.jpg 1026w, https:\/\/johannes-esselborn.de\/wp-content\/uploads\/2025\/12\/Mixing-2-1368x2048.jpg 1368w, https:\/\/johannes-esselborn.de\/wp-content\/uploads\/2025\/12\/Mixing-2-1320x1976.jpg 1320w\" sizes=\"auto, (max-width: 1710px) 100vw, 1710px\" \/><\/figure>\n<\/div>\n<\/div>","protected":false},"excerpt":{"rendered":"<p>Studio Esselborn Hey, ich bin Johannes Esselborn. Seit vielen Jahren produziere ich Musik und begleite K\u00fcnstlerinnen und K\u00fcnstler aus den unterschiedlichsten Genres auf ihrem Weg zum perfekten Sound. Meine Wurzeln liegen in der Livebranche \u2014 irgendwo zwischen Hardrock-B\u00fchnen und Gospelch\u00f6ren \u2014 doch heute schl\u00e4gt mein Herz vor allem f\u00fcr akustisch gepr\u00e4gte Musik: Singer-Songwriter, Americana, Folk, [&hellip;]<\/p>\n","protected":false},"author":1,"featured_media":0,"parent":0,"menu_order":3,"comment_status":"closed","ping_status":"closed","template":"startseite-producer","meta":{"footnotes":""},"class_list":["post-15","page","type-page","status-publish","hentry"],"yoast_head":"<!-- This site is optimized with the Yoast SEO plugin v27.3 - https:\/\/yoast.com\/product\/yoast-seo-wordpress\/ -->\n<title>Johannes Esselborn | Studio f\u00fcr Singer-Songwriter, Folk, Pop, Rock<\/title>\n<meta name=\"description\" content=\"Der perfekte Ort f\u00fcr deine Musik - Singer-Songwriter, Americana, Folk, Country, New Acoustic und Acoustic Pop\/Rock\" \/>\n<meta name=\"robots\" content=\"index, follow, max-snippet:-1, max-image-preview:large, max-video-preview:-1\" \/>\n<link rel=\"canonical\" href=\"https:\/\/johannes-esselborn.de\/en\/studio-about\/\" \/>\n<meta property=\"og:locale\" content=\"en_US\" \/>\n<meta property=\"og:type\" content=\"article\" \/>\n<meta property=\"og:title\" content=\"Johannes Esselborn | Studio f\u00fcr Singer-Songwriter, Folk, Pop, Rock\" \/>\n<meta property=\"og:description\" content=\"Der perfekte Ort f\u00fcr deine Musik - Singer-Songwriter, Americana, Folk, Country, New Acoustic und Acoustic Pop\/Rock\" \/>\n<meta property=\"og:url\" content=\"https:\/\/johannes-esselborn.de\/en\/studio-about\/\" \/>\n<meta property=\"og:site_name\" content=\"Johannes Esselborn\" \/>\n<meta property=\"article:modified_time\" content=\"2026-01-31T15:43:32+00:00\" \/>\n<meta property=\"og:image\" content=\"https:\/\/tonstudio-cuxhaven.de\/wp-content\/uploads\/2025\/12\/Mixing-2-scaled.jpg\" \/>\n<meta name=\"twitter:card\" content=\"summary_large_image\" \/>\n<meta name=\"twitter:label1\" content=\"Est. reading time\" \/>\n\t<meta name=\"twitter:data1\" content=\"1 minute\" \/>\n<script type=\"application\/ld+json\" class=\"yoast-schema-graph\">{\"@context\":\"https:\\\/\\\/schema.org\",\"@graph\":[{\"@type\":\"WebPage\",\"@id\":\"https:\\\/\\\/johannes-esselborn.de\\\/studio-about\\\/\",\"url\":\"https:\\\/\\\/johannes-esselborn.de\\\/studio-about\\\/\",\"name\":\"Johannes Esselborn | Studio f\u00fcr Singer-Songwriter, Folk, Pop, Rock\",\"isPartOf\":{\"@id\":\"https:\\\/\\\/johannes-esselborn.de\\\/#website\"},\"primaryImageOfPage\":{\"@id\":\"https:\\\/\\\/johannes-esselborn.de\\\/studio-about\\\/#primaryimage\"},\"image\":{\"@id\":\"https:\\\/\\\/johannes-esselborn.de\\\/studio-about\\\/#primaryimage\"},\"thumbnailUrl\":\"https:\\\/\\\/tonstudio-cuxhaven.de\\\/wp-content\\\/uploads\\\/2025\\\/12\\\/Mixing-2-scaled.jpg\",\"datePublished\":\"2026-01-24T13:38:04+00:00\",\"dateModified\":\"2026-01-31T15:43:32+00:00\",\"description\":\"Der perfekte Ort f\u00fcr deine Musik - Singer-Songwriter, Americana, Folk, Country, New Acoustic und Acoustic Pop\\\/Rock\",\"breadcrumb\":{\"@id\":\"https:\\\/\\\/johannes-esselborn.de\\\/studio-about\\\/#breadcrumb\"},\"inLanguage\":\"en-US\",\"potentialAction\":[{\"@type\":\"ReadAction\",\"target\":[\"https:\\\/\\\/johannes-esselborn.de\\\/studio-about\\\/\"]}]},{\"@type\":\"ImageObject\",\"inLanguage\":\"en-US\",\"@id\":\"https:\\\/\\\/johannes-esselborn.de\\\/studio-about\\\/#primaryimage\",\"url\":\"https:\\\/\\\/tonstudio-cuxhaven.de\\\/wp-content\\\/uploads\\\/2025\\\/12\\\/Mixing-2-scaled.jpg\",\"contentUrl\":\"https:\\\/\\\/tonstudio-cuxhaven.de\\\/wp-content\\\/uploads\\\/2025\\\/12\\\/Mixing-2-scaled.jpg\"},{\"@type\":\"BreadcrumbList\",\"@id\":\"https:\\\/\\\/johannes-esselborn.de\\\/studio-about\\\/#breadcrumb\",\"itemListElement\":[{\"@type\":\"ListItem\",\"position\":1,\"name\":\"Start\",\"item\":\"https:\\\/\\\/johannes-esselborn.de\\\/\"},{\"@type\":\"ListItem\",\"position\":2,\"name\":\"Studio &#8211; About\"}]},{\"@type\":\"WebSite\",\"@id\":\"https:\\\/\\\/johannes-esselborn.de\\\/#website\",\"url\":\"https:\\\/\\\/johannes-esselborn.de\\\/\",\"name\":\"Johannes Esselborn\",\"description\":\"\",\"publisher\":{\"@id\":\"https:\\\/\\\/johannes-esselborn.de\\\/#\\\/schema\\\/person\\\/645f3814a10c656eac29bd8f3176d463\"},\"potentialAction\":[{\"@type\":\"SearchAction\",\"target\":{\"@type\":\"EntryPoint\",\"urlTemplate\":\"https:\\\/\\\/johannes-esselborn.de\\\/?s={search_term_string}\"},\"query-input\":{\"@type\":\"PropertyValueSpecification\",\"valueRequired\":true,\"valueName\":\"search_term_string\"}}],\"inLanguage\":\"en-US\"},{\"@type\":[\"Person\",\"Organization\"],\"@id\":\"https:\\\/\\\/johannes-esselborn.de\\\/#\\\/schema\\\/person\\\/645f3814a10c656eac29bd8f3176d463\",\"name\":\"Johannes\",\"image\":{\"@type\":\"ImageObject\",\"inLanguage\":\"en-US\",\"@id\":\"http:\\\/\\\/johannes-esselborn.de\\\/wp-content\\\/uploads\\\/2026\\\/01\\\/Logo-2026-Johannes-Esselborn-sw-weiss-Gross-PNG.png\",\"url\":\"http:\\\/\\\/johannes-esselborn.de\\\/wp-content\\\/uploads\\\/2026\\\/01\\\/Logo-2026-Johannes-Esselborn-sw-weiss-Gross-PNG.png\",\"contentUrl\":\"http:\\\/\\\/johannes-esselborn.de\\\/wp-content\\\/uploads\\\/2026\\\/01\\\/Logo-2026-Johannes-Esselborn-sw-weiss-Gross-PNG.png\",\"width\":2000,\"height\":2000,\"caption\":\"Johannes\"},\"logo\":{\"@id\":\"http:\\\/\\\/johannes-esselborn.de\\\/wp-content\\\/uploads\\\/2026\\\/01\\\/Logo-2026-Johannes-Esselborn-sw-weiss-Gross-PNG.png\"},\"sameAs\":[\"http:\\\/\\\/tonstudio-cuxhaven.de\"]}]}<\/script>\n<!-- \/ Yoast SEO plugin. -->","yoast_head_json":{"title":"Johannes Esselborn | Studio f\u00fcr Singer-Songwriter, Folk, Pop, Rock","description":"Der perfekte Ort f\u00fcr deine Musik - Singer-Songwriter, Americana, Folk, Country, New Acoustic und Acoustic Pop\/Rock","robots":{"index":"index","follow":"follow","max-snippet":"max-snippet:-1","max-image-preview":"max-image-preview:large","max-video-preview":"max-video-preview:-1"},"canonical":"https:\/\/johannes-esselborn.de\/en\/studio-about\/","og_locale":"en_US","og_type":"article","og_title":"Johannes Esselborn | Studio f\u00fcr Singer-Songwriter, Folk, Pop, Rock","og_description":"Der perfekte Ort f\u00fcr deine Musik - Singer-Songwriter, Americana, Folk, Country, New Acoustic und Acoustic Pop\/Rock","og_url":"https:\/\/johannes-esselborn.de\/en\/studio-about\/","og_site_name":"Johannes Esselborn","article_modified_time":"2026-01-31T15:43:32+00:00","og_image":[{"url":"https:\/\/tonstudio-cuxhaven.de\/wp-content\/uploads\/2025\/12\/Mixing-2-scaled.jpg","type":"","width":"","height":""}],"twitter_card":"summary_large_image","twitter_misc":{"Est. reading time":"1 minute"},"schema":{"@context":"https:\/\/schema.org","@graph":[{"@type":"WebPage","@id":"https:\/\/johannes-esselborn.de\/studio-about\/","url":"https:\/\/johannes-esselborn.de\/studio-about\/","name":"Johannes Esselborn | Studio f\u00fcr Singer-Songwriter, Folk, Pop, Rock","isPartOf":{"@id":"https:\/\/johannes-esselborn.de\/#website"},"primaryImageOfPage":{"@id":"https:\/\/johannes-esselborn.de\/studio-about\/#primaryimage"},"image":{"@id":"https:\/\/johannes-esselborn.de\/studio-about\/#primaryimage"},"thumbnailUrl":"https:\/\/tonstudio-cuxhaven.de\/wp-content\/uploads\/2025\/12\/Mixing-2-scaled.jpg","datePublished":"2026-01-24T13:38:04+00:00","dateModified":"2026-01-31T15:43:32+00:00","description":"Der perfekte Ort f\u00fcr deine Musik - Singer-Songwriter, Americana, Folk, Country, New Acoustic und Acoustic Pop\/Rock","breadcrumb":{"@id":"https:\/\/johannes-esselborn.de\/studio-about\/#breadcrumb"},"inLanguage":"en-US","potentialAction":[{"@type":"ReadAction","target":["https:\/\/johannes-esselborn.de\/studio-about\/"]}]},{"@type":"ImageObject","inLanguage":"en-US","@id":"https:\/\/johannes-esselborn.de\/studio-about\/#primaryimage","url":"https:\/\/tonstudio-cuxhaven.de\/wp-content\/uploads\/2025\/12\/Mixing-2-scaled.jpg","contentUrl":"https:\/\/tonstudio-cuxhaven.de\/wp-content\/uploads\/2025\/12\/Mixing-2-scaled.jpg"},{"@type":"BreadcrumbList","@id":"https:\/\/johannes-esselborn.de\/studio-about\/#breadcrumb","itemListElement":[{"@type":"ListItem","position":1,"name":"Start","item":"https:\/\/johannes-esselborn.de\/"},{"@type":"ListItem","position":2,"name":"Studio &#8211; About"}]},{"@type":"WebSite","@id":"https:\/\/johannes-esselborn.de\/#website","url":"https:\/\/johannes-esselborn.de\/","name":"Johannes Esselborn","description":"","publisher":{"@id":"https:\/\/johannes-esselborn.de\/#\/schema\/person\/645f3814a10c656eac29bd8f3176d463"},"potentialAction":[{"@type":"SearchAction","target":{"@type":"EntryPoint","urlTemplate":"https:\/\/johannes-esselborn.de\/?s={search_term_string}"},"query-input":{"@type":"PropertyValueSpecification","valueRequired":true,"valueName":"search_term_string"}}],"inLanguage":"en-US"},{"@type":["Person","Organization"],"@id":"https:\/\/johannes-esselborn.de\/#\/schema\/person\/645f3814a10c656eac29bd8f3176d463","name":"Johannes","image":{"@type":"ImageObject","inLanguage":"en-US","@id":"http:\/\/johannes-esselborn.de\/wp-content\/uploads\/2026\/01\/Logo-2026-Johannes-Esselborn-sw-weiss-Gross-PNG.png","url":"http:\/\/johannes-esselborn.de\/wp-content\/uploads\/2026\/01\/Logo-2026-Johannes-Esselborn-sw-weiss-Gross-PNG.png","contentUrl":"http:\/\/johannes-esselborn.de\/wp-content\/uploads\/2026\/01\/Logo-2026-Johannes-Esselborn-sw-weiss-Gross-PNG.png","width":2000,"height":2000,"caption":"Johannes"},"logo":{"@id":"http:\/\/johannes-esselborn.de\/wp-content\/uploads\/2026\/01\/Logo-2026-Johannes-Esselborn-sw-weiss-Gross-PNG.png"},"sameAs":["http:\/\/tonstudio-cuxhaven.de"]}]}},"_links":{"self":[{"href":"https:\/\/johannes-esselborn.de\/en\/wp-json\/wp\/v2\/pages\/15","targetHints":{"allow":["GET"]}}],"collection":[{"href":"https:\/\/johannes-esselborn.de\/en\/wp-json\/wp\/v2\/pages"}],"about":[{"href":"https:\/\/johannes-esselborn.de\/en\/wp-json\/wp\/v2\/types\/page"}],"author":[{"embeddable":true,"href":"https:\/\/johannes-esselborn.de\/en\/wp-json\/wp\/v2\/users\/1"}],"replies":[{"embeddable":true,"href":"https:\/\/johannes-esselborn.de\/en\/wp-json\/wp\/v2\/comments?post=15"}],"version-history":[{"count":7,"href":"https:\/\/johannes-esselborn.de\/en\/wp-json\/wp\/v2\/pages\/15\/revisions"}],"predecessor-version":[{"id":996,"href":"https:\/\/johannes-esselborn.de\/en\/wp-json\/wp\/v2\/pages\/15\/revisions\/996"}],"wp:attachment":[{"href":"https:\/\/johannes-esselborn.de\/en\/wp-json\/wp\/v2\/media?parent=15"}],"curies":[{"name":"wp","href":"https:\/\/api.w.org\/{rel}","templated":true}]}}